{"id":2775,"date":"2022-09-22T17:23:51","date_gmt":"2022-09-22T15:23:51","guid":{"rendered":"https:\/\/amani-fridrich.name\/?post_type=product&#038;p=2775"},"modified":"2025-04-13T03:20:31","modified_gmt":"2025-04-13T01:20:31","slug":"offre-or","status":"publish","type":"product","link":"https:\/\/amani-fridrich.name\/es\/produkt\/offre-or\/","title":{"rendered":"Offre Or"},"content":{"rendered":"<p><span>6 s\u00e9ances de contact gratuites soit 1h30 min (\u00e9tal\u00e9es jusqu&#8217;\u00e0 15 minutes avant chaque s\u00e9ance. Le secr\u00e9tariat prendra contact avec vous pour organiser et vous pr\u00e9parer \u00e0 chacune de vos s\u00e9ances)<\/span><br \/>\n<span>6 s\u00e9ances de 60 minutes avec le Dr.\u00a0(<\/span><br \/>\n<span>_<\/span><br \/>\n<span>_<\/span><br \/>\n<span>_ 10% de frais suppl\u00e9mentaires)<\/span><\/p>\n<!--\nPlugin Name: Bookly \u2013 Responsive WordPress Appointment Booking and Scheduling Plugin\nPlugin URI: https:\/\/www.booking-wp-plugin.com\/?utm_source=bookly_admin&utm_medium=plugins_page&utm_campaign=plugins_page\nVersion: 22.6-->\n    <style type=\"text\/css\">\n        :root {\n            --bookly-main-color: #d2b29b !important;\n        }\n        \/* Color *\/\n        .bookly-form .bookly-form-group > label,\n        .bookly-form .bookly-label-error,\n        .bookly-form .bookly-progress-tracker > .active,\n        .bookly-form .picker__nav--next,\n        .bookly-form .pickadate__nav--prev,\n        .bookly-form .picker__day:hover,\n        .bookly-form .picker__day--selected:hover,\n        .bookly-form .picker--opened .picker__day--selected,\n        .bookly-form .picker__button--clear,\n        .bookly-form .picker__button--today,\n        .bookly-form .bookly-columnizer .bookly-hour span.bookly-waiting-list {\n            color: #d2b29b !important;\n        }\n\n        \/* Background *\/\n        .bookly-form .bookly-progress-tracker > .active .step,\n        .bookly-form .picker__frame,\n        .bookly-form .bookly-service-step .bookly-week-days label,\n        .bookly-form .bookly-repeat-step .bookly-week-days label,\n        .bookly-form .bookly-columnizer .bookly-hour:active .bookly-hour-icon span,\n        .bookly-form .bookly-btn,\n        .bookly-form .bookly-btn:active,\n        .bookly-form .bookly-btn:focus,\n        .bookly-form .bookly-btn:hover,\n        .bookly-form .bookly-btn-submit,\n        .bookly-form .bookly-round,\n        .bookly-form .bookly-square,\n        .bookly-form .bookly-pagination > li.active {\n            background-color: #d2b29b !important;\n        }\n\n        .bookly-form .bookly-triangle {\n            border-bottom-color: #d2b29b !important;\n        }\n\n        \/* Border *\/\n        .bookly-form input[type=\"text\"].bookly-error,\n        .bookly-form input[type=\"password\"].bookly-error,\n        .bookly-form select.bookly-error,\n        .bookly-form textarea.bookly-error,\n        .bookly-form .bookly-week-days.bookly-error,\n        .bookly-extra-step div.bookly-extras-thumb.bookly-extras-selected {\n            border: 2px solid #d2b29b !important;\n        }\n\n        \/* Other *\/\n        .bookly-form .picker__header {\n            border-bottom: 1px solid #d2b29b !important;\n        }\n\n        .bookly-form .picker__nav--next:before {\n            border-left: 6px solid #d2b29b !important;\n        }\n\n        .bookly-form .picker__nav--prev:before {\n            border-right: 6px solid #d2b29b !important;\n        }\n\n        .bookly-form .bookly-service-step .bookly-week-days label.active, .bookly-form .bookly-repeat-step .bookly-week-days label.active {\n            background: #d2b29b url(https:\/\/amani-fridrich.name\/wp-content\/plugins\/bookly-responsive-appointment-booking-tool\/frontend\/resources\/images\/checkbox.png) 0 0 no-repeat !important;\n        }\n\n        .bookly-form .bookly-columnizer .bookly-day, .bookly-form .bookly-schedule-date {\n            background: #d2b29b !important;\n            border: 1px solid #d2b29b !important;\n        }\n\n        .bookly-form .bookly-pagination > li.active a {\n            border: 1px solid #d2b29b !important;\n        }\n\n        .bookly-form .bookly-columnizer .bookly-hour:active {\n            border: 2px solid #d2b29b !important;\n            color: #d2b29b !important;\n        }\n\n        .bookly-form .bookly-columnizer .bookly-hour:active .bookly-hour-icon {\n            background: none;\n            border: 2px solid #d2b29b !important;\n            color: #d2b29b !important;\n            width: auto;\n            height: auto;\n            padding: 3px;\n            border-radius: 25px;\n            margin-right: 3px;\n        }\n\n        .bookly-form .bookly-columnizer .bookly-hour:active .bookly-hour-icon span {\n            background-color: #d2b29b !important;\n            width: 8px;\n            height: 8px;\n            border-radius: 10px;\n            display: block;\n        }\n\n        @media (hover) {\n            .bookly-form .bookly-columnizer .bookly-hour:hover {\n                border: 2px solid #d2b29b !important;\n                color: #d2b29b !important;\n            }\n\n            .bookly-form .bookly-columnizer .bookly-hour:hover .bookly-hour-icon {\n                background: none;\n                border: 2px solid #d2b29b !important;\n                color: #d2b29b !important;\n            }\n\n            .bookly-form .bookly-columnizer .bookly-hour:hover .bookly-hour-icon span {\n                background-color: #d2b29b !important;\n            }\n        }\n    <\/style>\n\n<div id=\"bookly-form-69d04abba4253\" class=\"bookly-form\" data-form_id=\"69d04abba4253\">\n    <div style=\"text-align: center\"><img decoding=\"async\" src=\"https:\/\/amani-fridrich.name\/wp-includes\/js\/tinymce\/skins\/lightgray\/img\/loader.gif\" alt=\"Cargando ...\"\/><\/div>\n<\/div>\n    <div class=\"powered-by-bookly\">Creado por        <a href=\"https:\/\/www.booking-wp-plugin.com\/?utm_source=referral&utm_medium=booking_widget\" target=\"_blank\">Bookly<\/a> \u2014\n        <a href=\"https:\/\/www.booking-wp-plugin.com\/?utm_source=referral&utm_medium=booking_widget\" target=\"_blank\">WordPress Booking Plugin<\/a>\n    <\/div>\n<script type=\"text\/javascript\">\n    (function (win, fn) {\n        var done = false, top = true,\n            doc = win.document,\n            root = doc.documentElement,\n            modern = doc.addEventListener,\n            add = modern ? 'addEventListener' : 'attachEvent',\n            rem = modern ? 'removeEventListener' : 'detachEvent',\n            pre = modern ? '' : 'on',\n            init = function(e) {\n                if (e.type == 'readystatechange') if (doc.readyState != 'complete') return;\n                (e.type == 'load' ? win : doc)[rem](pre + e.type, init, false);\n                if (!done) { done = true; fn.call(win, e.type || e); }\n            },\n            poll = function() {\n                try { root.doScroll('left'); } catch(e) { setTimeout(poll, 50); return; }\n                init('poll');\n            };\n        if (doc.readyState == 'complete') fn.call(win, 'lazy');\n        else {\n            if (!modern) if (root.doScroll) {\n                try { top = !win.frameElement; } catch(e) { }\n                if (top) poll();\n            }\n            doc[add](pre + 'DOMContentLoaded', init, false);\n            doc[add](pre + 'readystatechange', init, false);\n            win[add](pre + 'load', init, false);\n        }\n    })(window, function() {\n        window.bookly( {\"form_id\":\"69d04abba4253\",\"status\":{\"booking\":\"new\"},\"skip_steps\":{\"service_part1\":0,\"service_part2\":0,\"extras\":1,\"time\":0,\"repeat\":1,\"cart\":1},\"errors\":{\"session_error\":\"Error de sesi\\u00f3n.\",\"form_id_error\":\"Error Identificaci\\u00f3n formulario.\",\"cart_item_not_available\":\"Die eingestellte Zeit ist nicht mehr vorhanden. Bitte w\\u00e4hlen Sie ein anderes Zeitfenster\\n.\",\"pay_locally_not_available\":\"Pagu\\u00e9 no est\\u00e1 disponible.\",\"invalid_gateway\":\"Puerta de enlace no es v\\u00e1lido.\",\"payment_error\":\" Error.\",\"incorrect_username_password\":\"Nombre de usuario o contrase\\u00f1a incorrectos.\"},\"form_attributes\":{\"hide_categories\":false,\"hide_services\":false,\"hide_staff_members\":false,\"show_number_of_persons\":false,\"hide_service_duration\":true,\"hide_locations\":true,\"hide_quantity\":true,\"hide_date\":false,\"hide_week_days\":false,\"hide_time_range\":false},\"use_client_time_zone\":0,\"firstDay\":1,\"date_format\":\"d. mmmm yyyy\",\"defaults\":{\"service_id\":1,\"staff_id\":1,\"location_id\":0,\"category_id\":1}} );\n    });\n<\/script>","protected":false},"excerpt":{"rendered":"<p>6 s\u00e9ances de contact gratuites soit 1h30 min (\u00e9tal\u00e9es jusqu&#8217;\u00e0 15 minutes avant chaque s\u00e9ance. Le secr\u00e9tariat prendra contact avec vous pour organiser et vous pr\u00e9parer \u00e0 chacune de vos s\u00e9ances) 6 s\u00e9ances de 60 minutes avec le Dr.\u00a0( _ _ _ 10% de frais suppl\u00e9mentaires)<\/p>","protected":false},"featured_media":0,"comment_status":"open","ping_status":"closed","template":"","meta":[],"product_cat":[22],"product_tag":[],"class_list":{"0":"post-2775","1":"product","2":"type-product","3":"status-publish","4":"hentry","5":"product_cat-unkategorisiert","7":"entry","8":"owp-thumbs-layout-horizontal","9":"owp-btn-normal","10":"owp-tabs-layout-horizontal","11":"has-no-thumbnails","12":"has-product-nav"},"yoast_head":"<!-- This site is optimized with the Yoast SEO plugin v21.5 - https:\/\/yoast.com\/wordpress\/plugins\/seo\/ -->\n<title>Offre Or | Dr. Amani-Fridrich<\/title>\n<meta name=\"robots\" content=\"index, follow, max-snippet:-1, max-image-preview:large, max-video-preview:-1\" \/>\n<link rel=\"canonical\" href=\"https:\/\/amani-fridrich.name\/es\/produkt\/offre-or\/\" \/>\n<meta property=\"og:locale\" content=\"es_ES\" \/>\n<meta property=\"og:type\" content=\"article\" \/>\n<meta property=\"og:title\" content=\"Offre Or | Dr. Amani-Fridrich\" \/>\n<meta property=\"og:description\" content=\"6 s\u00e9ances de contact gratuites soit 1h30 min (\u00e9tal\u00e9es jusqu&#8217;\u00e0 15 minutes avant chaque s\u00e9ance. Le secr\u00e9tariat prendra contact avec vous pour organiser et vous pr\u00e9parer \u00e0 chacune de vos s\u00e9ances) 6 s\u00e9ances de 60 minutes avec le Dr.\u00a0( _ _ _ 10% de frais suppl\u00e9mentaires)\" \/>\n<meta property=\"og:url\" content=\"https:\/\/amani-fridrich.name\/es\/produkt\/offre-or\/\" \/>\n<meta property=\"og:site_name\" content=\"Dr. Amani-Fridrich\" \/>\n<meta property=\"article:modified_time\" content=\"2025-04-13T01:20:31+00:00\" \/>\n<meta name=\"twitter:card\" content=\"summary_large_image\" \/>\n<script type=\"application\/ld+json\" class=\"yoast-schema-graph\">{\"@context\":\"https:\/\/schema.org\",\"@graph\":[{\"@type\":\"WebPage\",\"@id\":\"https:\/\/amani-fridrich.name\/produkt\/offre-or\/\",\"url\":\"https:\/\/amani-fridrich.name\/produkt\/offre-or\/\",\"name\":\"Offre Or | Dr. Amani-Fridrich\",\"isPartOf\":{\"@id\":\"https:\/\/amani-fridrich.name\/#website\"},\"datePublished\":\"2022-09-22T15:23:51+00:00\",\"dateModified\":\"2025-04-13T01:20:31+00:00\",\"breadcrumb\":{\"@id\":\"https:\/\/amani-fridrich.name\/produkt\/offre-or\/#breadcrumb\"},\"inLanguage\":\"es\",\"potentialAction\":[{\"@type\":\"ReadAction\",\"target\":[\"https:\/\/amani-fridrich.name\/produkt\/offre-or\/\"]}]},{\"@type\":\"BreadcrumbList\",\"@id\":\"https:\/\/amani-fridrich.name\/produkt\/offre-or\/#breadcrumb\",\"itemListElement\":[{\"@type\":\"ListItem\",\"position\":1,\"name\":\"Startseite\",\"item\":\"https:\/\/amani-fridrich.name\/\"},{\"@type\":\"ListItem\",\"position\":2,\"name\":\"Shop\",\"item\":\"https:\/\/amani-fridrich.name\/shop\/\"},{\"@type\":\"ListItem\",\"position\":3,\"name\":\"Offre Or\"}]},{\"@type\":\"WebSite\",\"@id\":\"https:\/\/amani-fridrich.name\/#website\",\"url\":\"https:\/\/amani-fridrich.name\/\",\"name\":\"Dr. Amani-Fridrich\",\"description\":\"\",\"publisher\":{\"@id\":\"https:\/\/amani-fridrich.name\/#organization\"},\"potentialAction\":[{\"@type\":\"SearchAction\",\"target\":{\"@type\":\"EntryPoint\",\"urlTemplate\":\"https:\/\/amani-fridrich.name\/?s={search_term_string}\"},\"query-input\":\"required name=search_term_string\"}],\"inLanguage\":\"es\"},{\"@type\":\"Organization\",\"@id\":\"https:\/\/amani-fridrich.name\/#organization\",\"name\":\"Dr. Amani - Fridrich\",\"url\":\"https:\/\/amani-fridrich.name\/\",\"logo\":{\"@type\":\"ImageObject\",\"inLanguage\":\"es\",\"@id\":\"https:\/\/amani-fridrich.name\/#\/schema\/logo\/image\/\",\"url\":\"https:\/\/amani-fridrich.name\/wp-content\/uploads\/2021\/11\/Amani_fridrich_Bild_Wortmarke.png\",\"contentUrl\":\"https:\/\/amani-fridrich.name\/wp-content\/uploads\/2021\/11\/Amani_fridrich_Bild_Wortmarke.png\",\"width\":4167,\"height\":688,\"caption\":\"Dr. Amani - Fridrich\"},\"image\":{\"@id\":\"https:\/\/amani-fridrich.name\/#\/schema\/logo\/image\/\"}}]}<\/script>\n<!-- \/ Yoast SEO plugin. -->","yoast_head_json":{"title":"Offre Or | Dr. Amani-Fridrich","robots":{"index":"index","follow":"follow","max-snippet":"max-snippet:-1","max-image-preview":"max-image-preview:large","max-video-preview":"max-video-preview:-1"},"canonical":"https:\/\/amani-fridrich.name\/es\/produkt\/offre-or\/","og_locale":"es_ES","og_type":"article","og_title":"Offre Or | Dr. Amani-Fridrich","og_description":"6 s\u00e9ances de contact gratuites soit 1h30 min (\u00e9tal\u00e9es jusqu&#8217;\u00e0 15 minutes avant chaque s\u00e9ance. Le secr\u00e9tariat prendra contact avec vous pour organiser et vous pr\u00e9parer \u00e0 chacune de vos s\u00e9ances) 6 s\u00e9ances de 60 minutes avec le Dr.\u00a0( _ _ _ 10% de frais suppl\u00e9mentaires)","og_url":"https:\/\/amani-fridrich.name\/es\/produkt\/offre-or\/","og_site_name":"Dr. Amani-Fridrich","article_modified_time":"2025-04-13T01:20:31+00:00","twitter_card":"summary_large_image","schema":{"@context":"https:\/\/schema.org","@graph":[{"@type":"WebPage","@id":"https:\/\/amani-fridrich.name\/produkt\/offre-or\/","url":"https:\/\/amani-fridrich.name\/produkt\/offre-or\/","name":"Offre Or | Dr. Amani-Fridrich","isPartOf":{"@id":"https:\/\/amani-fridrich.name\/#website"},"datePublished":"2022-09-22T15:23:51+00:00","dateModified":"2025-04-13T01:20:31+00:00","breadcrumb":{"@id":"https:\/\/amani-fridrich.name\/produkt\/offre-or\/#breadcrumb"},"inLanguage":"es","potentialAction":[{"@type":"ReadAction","target":["https:\/\/amani-fridrich.name\/produkt\/offre-or\/"]}]},{"@type":"BreadcrumbList","@id":"https:\/\/amani-fridrich.name\/produkt\/offre-or\/#breadcrumb","itemListElement":[{"@type":"ListItem","position":1,"name":"Startseite","item":"https:\/\/amani-fridrich.name\/"},{"@type":"ListItem","position":2,"name":"Shop","item":"https:\/\/amani-fridrich.name\/shop\/"},{"@type":"ListItem","position":3,"name":"Offre Or"}]},{"@type":"WebSite","@id":"https:\/\/amani-fridrich.name\/#website","url":"https:\/\/amani-fridrich.name\/","name":"Dr. Amani-Fridrich","description":"","publisher":{"@id":"https:\/\/amani-fridrich.name\/#organization"},"potentialAction":[{"@type":"SearchAction","target":{"@type":"EntryPoint","urlTemplate":"https:\/\/amani-fridrich.name\/?s={search_term_string}"},"query-input":"required name=search_term_string"}],"inLanguage":"es"},{"@type":"Organization","@id":"https:\/\/amani-fridrich.name\/#organization","name":"Dr. Amani - Fridrich","url":"https:\/\/amani-fridrich.name\/","logo":{"@type":"ImageObject","inLanguage":"es","@id":"https:\/\/amani-fridrich.name\/#\/schema\/logo\/image\/","url":"https:\/\/amani-fridrich.name\/wp-content\/uploads\/2021\/11\/Amani_fridrich_Bild_Wortmarke.png","contentUrl":"https:\/\/amani-fridrich.name\/wp-content\/uploads\/2021\/11\/Amani_fridrich_Bild_Wortmarke.png","width":4167,"height":688,"caption":"Dr. Amani - Fridrich"},"image":{"@id":"https:\/\/amani-fridrich.name\/#\/schema\/logo\/image\/"}}]}},"jetpack_sharing_enabled":true,"_links":{"self":[{"href":"https:\/\/amani-fridrich.name\/es\/wp-json\/wp\/v2\/product\/2775","targetHints":{"allow":["GET"]}}],"collection":[{"href":"https:\/\/amani-fridrich.name\/es\/wp-json\/wp\/v2\/product"}],"about":[{"href":"https:\/\/amani-fridrich.name\/es\/wp-json\/wp\/v2\/types\/product"}],"replies":[{"embeddable":true,"href":"https:\/\/amani-fridrich.name\/es\/wp-json\/wp\/v2\/comments?post=2775"}],"wp:attachment":[{"href":"https:\/\/amani-fridrich.name\/es\/wp-json\/wp\/v2\/media?parent=2775"}],"wp:term":[{"taxonomy":"product_cat","embeddable":true,"href":"https:\/\/amani-fridrich.name\/es\/wp-json\/wp\/v2\/product_cat?post=2775"},{"taxonomy":"product_tag","embeddable":true,"href":"https:\/\/amani-fridrich.name\/es\/wp-json\/wp\/v2\/product_tag?post=2775"}],"curies":[{"name":"wp","href":"https:\/\/api.w.org\/{rel}","templated":true}]}}